{"id":1545,"date":"2019-06-11T14:22:58","date_gmt":"2019-06-11T14:22:58","guid":{"rendered":"https:\/\/floatinghouses.si\/superior-plavajoca-hisa\/"},"modified":"2025-03-10T07:24:10","modified_gmt":"2025-03-10T07:24:10","slug":"superior-plavajoca-hisa","status":"publish","type":"page","link":"https:\/\/floatinghouses.si\/sl\/superior-plavajoca-hisa\/","title":{"rendered":"Superior plavajo\u010da hi\u0161a"},"content":{"rendered":"<div class=\"mphb_sc_rooms-wrapper mphb-room-types alignwide\"><p class=\"mphb-not-found\">\n\tNo accommodations matching criteria.<\/p>\n<\/div>","protected":false},"excerpt":{"rendered":"<p>Plavajo\u010da hi\u0161a Panther je prava izbira za obiskovalce, ki i\u0161\u010dejo kombinacijo razko\u0161ja, zasebnosti, zabave na pla\u017ei no\u010dnega \u017eivljenja. Vse to v pristani\u0161\u010du s \u010dudovito okolico. <\/p>\n","protected":false},"author":1,"featured_media":0,"parent":0,"menu_order":0,"comment_status":"closed","ping_status":"closed","template":"","meta":{"inline_featured_image":false,"footnotes":""},"class_list":["post-1545","page","type-page","status-publish","hentry"],"jetpack_sharing_enabled":true,"_links":{"self":[{"href":"https:\/\/floatinghouses.si\/sl\/wp-json\/wp\/v2\/pages\/1545","targetHints":{"allow":["GET"]}}],"collection":[{"href":"https:\/\/floatinghouses.si\/sl\/wp-json\/wp\/v2\/pages"}],"about":[{"href":"https:\/\/floatinghouses.si\/sl\/wp-json\/wp\/v2\/types\/page"}],"author":[{"embeddable":true,"href":"https:\/\/floatinghouses.si\/sl\/wp-json\/wp\/v2\/users\/1"}],"replies":[{"embeddable":true,"href":"https:\/\/floatinghouses.si\/sl\/wp-json\/wp\/v2\/comments?post=1545"}],"version-history":[{"count":1,"href":"https:\/\/floatinghouses.si\/sl\/wp-json\/wp\/v2\/pages\/1545\/revisions"}],"predecessor-version":[{"id":1546,"href":"https:\/\/floatinghouses.si\/sl\/wp-json\/wp\/v2\/pages\/1545\/revisions\/1546"}],"wp:attachment":[{"href":"https:\/\/floatinghouses.si\/sl\/wp-json\/wp\/v2\/media?parent=1545"}],"curies":[{"name":"wp","href":"https:\/\/api.w.org\/{rel}","templated":true}]}}