{"id":1547,"date":"2019-06-12T07:44:45","date_gmt":"2019-06-12T07:44:45","guid":{"rendered":"https:\/\/floatinghouses.si\/o-plavajoci-hisi-panther\/"},"modified":"2025-03-10T07:28:19","modified_gmt":"2025-03-10T07:28:19","slug":"o-plavajoci-hisi-panther","status":"publish","type":"page","link":"https:\/\/floatinghouses.si\/sl\/o-plavajoci-hisi-panther\/","title":{"rendered":"O plavajo\u010di hi\u0161i Panther"},"content":{"rendered":"\n<div class=\"wp-block-getwid-section alignfull alignfull getwid-margin-top-none getwid-margin-bottom-none\"><div class=\"wp-block-getwid-section__wrapper getwid-padding-top-none getwid-padding-bottom-none getwid-padding-left-medium getwid-padding-right-medium getwid-padding-mobile-left-small getwid-padding-mobile-right-small\"><div class=\"wp-block-getwid-section__inner-wrapper\"><div class=\"wp-block-getwid-section__background-holder\"><div class=\"wp-block-getwid-section__background\"><\/div><div class=\"wp-block-getwid-section__foreground\"><\/div><\/div><div class=\"wp-block-getwid-section__content\"><div class=\"wp-block-getwid-section__inner-content\">\n<div class=\"wp-block-columns has-2-columns is-layout-flex wp-container-core-columns-is-layout-9d6595d7 wp-block-columns-is-layout-flex\">\n<div class=\"wp-block-column is-layout-flow wp-block-column-is-layout-flow\">\n<div class=\"wp-block-getwid-advanced-heading is-style-style-1 has-custom-font-size\" style=\"font-size:12px;margin-bottom:0px\"><p class=\"wp-block-getwid-advanced-heading__content\" style=\"letter-spacing:0.1em\">PO\u010cITNI\u0160KA IZKU\u0160NJA NA NAJVI\u0160JEM NIVOJU<\/p><\/div>\n\n\n\n<div class=\"wp-block-getwid-advanced-heading is-style-default\" style=\"margin-top:10px\"><h2 class=\"wp-block-getwid-advanced-heading__content\">Dobrodo\u0161li v Panther Floating House<\/h2><\/div>\n<\/div>\n\n\n\n<div class=\"wp-block-column is-layout-flow wp-block-column-is-layout-flow\">\n<p>Gre za precej veliko plavajo\u010do hi\u0161o s 84 m2. Na\u0161a nastanitev ponuja bivanje s prostorno son\u010dno teraso in zasebno kopalno kadjo v \u010dudovitem okolju pristani\u0161\u010da vrtnic \u2013 mesta Portoro\u017e.<br \/>Nastanitev je po vsakem bivanju dodatno o\u010di\u0161\u010dena in je vedno pripravljena ponuditi zabavo na\u0161im gostom. <\/p>\n\n\n\n<p>Hi\u0161a je urejena v dveh nadstropjih. Pritli\u010dje obsega vhodno teraso z dvema stoloma in mizo, udobno spalnico z dodatnim zadnjim izhodom na manj\u0161o teraso (pride prav za kadilce). Na voljo je tudi popolnoma opremljena kuhinja (po standardih 4*) z indukcijskim \u0161tedilnikom, aparatom za kavo, pomivalnim strojem in mikrovalovno pe\u010dico. V kopalnici so na voljo brisa\u010de in kopalni\u0161ki pripomo\u010dki. Drugo nadstropje obsega prostorno son\u010dno teraso, kjer lahko u\u017eivate v zasebni masa\u017eni kadi in se sprostite ob \u010dudovitem razgledu.     <\/p>\n\n\n\n<p>Plavajo\u010di dom je neverjetna kombinacija miru in zasebnosti, kjer se lahko potopite v vzdu\u0161je Portoro\u017ea, opazujete, kako pristani\u0161\u010de o\u017eivi, in u\u017eivate v mestnem vrve\u017eu od blizu in dale\u010d. <\/p>\n<\/div>\n<\/div>\n<\/div><\/div><\/div><\/div><\/div>\n\n<div class=\"wp-block-getwid-section alignfull alignfull getwid-margin-top-none getwid-margin-bottom-none\"><div class=\"wp-block-getwid-section__wrapper getwid-padding-top-normal getwid-padding-bottom-normal getwid-padding-left-medium getwid-padding-right-medium getwid-padding-mobile-left-small getwid-padding-mobile-right-small\"><div class=\"wp-block-getwid-section__inner-wrapper\"><div class=\"wp-block-getwid-section__background-holder\"><div class=\"wp-block-getwid-section__background\"><\/div><div class=\"wp-block-getwid-section__foreground\"><\/div><\/div><div class=\"wp-block-getwid-section__content\"><div class=\"wp-block-getwid-section__inner-content\">\n<div class=\"wp-block-columns has-2-columns is-layout-flex wp-container-core-columns-is-layout-9d6595d7 wp-block-columns-is-layout-flex\">\n<div class=\"wp-block-column is-layout-flow wp-block-column-is-layout-flow\">\n<figure class=\"wp-block-image size-large\"><img fetchpriority=\"high\" decoding=\"async\" width=\"1024\" height=\"683\" src=\"https:\/\/floatinghouses.si\/wp-content\/uploads\/2024\/04\/AteljeFotografije-PantherFloatingHouse-8-1024x683.jpg\" alt=\"\" class=\"wp-image-1120\" srcset=\"https:\/\/floatinghouses.si\/wp-content\/uploads\/2024\/04\/AteljeFotografije-PantherFloatingHouse-8-1024x683.jpg 1024w, https:\/\/floatinghouses.si\/wp-content\/uploads\/2024\/04\/AteljeFotografije-PantherFloatingHouse-8-300x200.jpg 300w, https:\/\/floatinghouses.si\/wp-content\/uploads\/2024\/04\/AteljeFotografije-PantherFloatingHouse-8-768x512.jpg 768w, https:\/\/floatinghouses.si\/wp-content\/uploads\/2024\/04\/AteljeFotografije-PantherFloatingHouse-8.jpg 1080w\" sizes=\"(max-width: 1024px) 100vw, 1024px\" \/><\/figure>\n<\/div>\n\n\n\n<div class=\"wp-block-column is-layout-flow wp-block-column-is-layout-flow\">\n<figure class=\"wp-block-image size-large\"><img decoding=\"async\" width=\"1024\" height=\"683\" src=\"https:\/\/floatinghouses.si\/wp-content\/uploads\/2024\/04\/AteljeFotografije-PantherFloatingHouse-12-1024x683.jpg\" alt=\"\" class=\"wp-image-1131\" srcset=\"https:\/\/floatinghouses.si\/wp-content\/uploads\/2024\/04\/AteljeFotografije-PantherFloatingHouse-12-1024x683.jpg 1024w, https:\/\/floatinghouses.si\/wp-content\/uploads\/2024\/04\/AteljeFotografije-PantherFloatingHouse-12-300x200.jpg 300w, https:\/\/floatinghouses.si\/wp-content\/uploads\/2024\/04\/AteljeFotografije-PantherFloatingHouse-12-768x512.jpg 768w, https:\/\/floatinghouses.si\/wp-content\/uploads\/2024\/04\/AteljeFotografije-PantherFloatingHouse-12.jpg 1080w\" sizes=\"(max-width: 1024px) 100vw, 1024px\" \/><\/figure>\n<\/div>\n<\/div>\n<\/div><\/div><\/div><\/div><\/div>\n\n<div class=\"wp-block-getwid-section alignfull alignfull getwid-margin-top-none getwid-margin-bottom-none\"><div class=\"wp-block-getwid-section__wrapper getwid-padding-top-none getwid-padding-bottom-none getwid-padding-left-medium getwid-padding-right-medium getwid-padding-mobile-left-small getwid-padding-mobile-right-small\"><div class=\"wp-block-getwid-section__inner-wrapper\"><div class=\"wp-block-getwid-section__background-holder\"><div class=\"wp-block-getwid-section__background\"><\/div><div class=\"wp-block-getwid-section__foreground\"><\/div><\/div><div class=\"wp-block-getwid-section__content\"><div class=\"wp-block-getwid-section__inner-content\">\n<div class=\"wp-block-columns has-2-columns is-layout-flex wp-container-core-columns-is-layout-9d6595d7 wp-block-columns-is-layout-flex\">\n<div class=\"wp-block-column is-layout-flow wp-block-column-is-layout-flow\">\n<div class=\"wp-block-getwid-advanced-heading is-style-style-1 has-custom-font-size\" style=\"font-size:12px;margin-bottom:0px\"><p class=\"wp-block-getwid-advanced-heading__content\" style=\"letter-spacing:0.1em\">ODKRIJTE UDOBJE PANTERJA<\/p><\/div>\n\n\n\n<div class=\"wp-block-getwid-advanced-heading is-style-default\" style=\"margin-top:10px\"><h2 class=\"wp-block-getwid-advanced-heading__content\">Sobe<\/h2><\/div>\n<\/div>\n\n\n\n<div class=\"wp-block-column is-layout-flow wp-block-column-is-layout-flow\">\n<p>Za spanje so na voljo tri sobe. 1 soba z zakonsko posteljo, 1 soba s pogradom za dve osebi, in udoben raztegljiv kav\u010d v dnevni sobi. <\/p>\n<\/div>\n<\/div>\n<\/div><\/div><\/div><\/div><\/div>\n\n<div class=\"wp-block-getwid-section alignfull alignfull getwid-margin-top-none getwid-margin-bottom-none\"><div class=\"wp-block-getwid-section__wrapper getwid-padding-top-normal getwid-padding-bottom-normal getwid-padding-left-medium getwid-padding-right-medium getwid-padding-mobile-left-small getwid-padding-mobile-right-small\"><div class=\"wp-block-getwid-section__inner-wrapper\"><div class=\"wp-block-getwid-section__background-holder\"><div class=\"wp-block-getwid-section__background\"><\/div><div class=\"wp-block-getwid-section__foreground\"><\/div><\/div><div class=\"wp-block-getwid-section__content\"><div class=\"wp-block-getwid-section__inner-content\">\n<div class=\"wp-block-columns has-2-columns is-layout-flex wp-container-core-columns-is-layout-9d6595d7 wp-block-columns-is-layout-flex\">\n<div class=\"wp-block-column is-layout-flow wp-block-column-is-layout-flow\">\n<div class=\"wp-block-getwid-images-stack is-layout-zeta\"><div class=\"wp-block-getwid-images-stack__wrapper\"><div class=\"wp-block-getwid-images-stack__chunk\"><div class=\"wp-block-getwid-images-stack__media-wrapper\"><div class=\"wp-block-getwid-images-stack__media-inner-wrapper\"><img decoding=\"async\" width=\"1080\" height=\"1620\" class=\"wp-block-getwid-images-stack__media wp-image-1130\" src=\"https:\/\/floatinghouses.si\/wp-content\/uploads\/2024\/04\/AteljeFotografije-PantherFloatingHouse-11.jpg\" data-id=\"1130\" data-link=\"https:\/\/floatinghouses.si\/accommodation\/superior-floating-house\/ateljefotografije-pantherfloatinghouse-11\/\" srcset=\"https:\/\/floatinghouses.si\/wp-content\/uploads\/2024\/04\/AteljeFotografije-PantherFloatingHouse-11.jpg 1080w, https:\/\/floatinghouses.si\/wp-content\/uploads\/2024\/04\/AteljeFotografije-PantherFloatingHouse-11-200x300.jpg 200w, https:\/\/floatinghouses.si\/wp-content\/uploads\/2024\/04\/AteljeFotografije-PantherFloatingHouse-11-683x1024.jpg 683w, https:\/\/floatinghouses.si\/wp-content\/uploads\/2024\/04\/AteljeFotografije-PantherFloatingHouse-11-768x1152.jpg 768w, https:\/\/floatinghouses.si\/wp-content\/uploads\/2024\/04\/AteljeFotografije-PantherFloatingHouse-11-1024x1536.jpg 1024w\" sizes=\"(max-width: 1080px) 100vw, 1080px\" \/><\/div><\/div><div class=\"wp-block-getwid-images-stack__media-wrapper\"><div class=\"wp-block-getwid-images-stack__media-inner-wrapper\"><img loading=\"lazy\" decoding=\"async\" width=\"1080\" height=\"780\" class=\"wp-block-getwid-images-stack__media wp-image-1129\" src=\"https:\/\/floatinghouses.si\/wp-content\/uploads\/2024\/04\/AteljeFotografije-PantherFloatingHouse-10.jpg\" data-id=\"1129\" data-link=\"https:\/\/floatinghouses.si\/accommodation\/superior-floating-house\/ateljefotografije-pantherfloatinghouse-10\/\" srcset=\"https:\/\/floatinghouses.si\/wp-content\/uploads\/2024\/04\/AteljeFotografije-PantherFloatingHouse-10.jpg 1080w, https:\/\/floatinghouses.si\/wp-content\/uploads\/2024\/04\/AteljeFotografije-PantherFloatingHouse-10-300x217.jpg 300w, https:\/\/floatinghouses.si\/wp-content\/uploads\/2024\/04\/AteljeFotografije-PantherFloatingHouse-10-1024x740.jpg 1024w, https:\/\/floatinghouses.si\/wp-content\/uploads\/2024\/04\/AteljeFotografije-PantherFloatingHouse-10-768x555.jpg 768w\" sizes=\"(max-width: 1080px) 100vw, 1080px\" \/><\/div><\/div><div class=\"wp-block-getwid-images-stack__media-wrapper\"><div class=\"wp-block-getwid-images-stack__media-inner-wrapper\"><img loading=\"lazy\" decoding=\"async\" width=\"1080\" height=\"720\" class=\"wp-block-getwid-images-stack__media wp-image-1132\" src=\"https:\/\/floatinghouses.si\/wp-content\/uploads\/2024\/04\/AteljeFotografije-PantherFloatingHouse-13.jpg\" data-id=\"1132\" data-link=\"https:\/\/floatinghouses.si\/accommodation\/superior-floating-house\/ateljefotografije-pantherfloatinghouse-13\/\" srcset=\"https:\/\/floatinghouses.si\/wp-content\/uploads\/2024\/04\/AteljeFotografije-PantherFloatingHouse-13.jpg 1080w, https:\/\/floatinghouses.si\/wp-content\/uploads\/2024\/04\/AteljeFotografije-PantherFloatingHouse-13-300x200.jpg 300w, https:\/\/floatinghouses.si\/wp-content\/uploads\/2024\/04\/AteljeFotografije-PantherFloatingHouse-13-1024x683.jpg 1024w, https:\/\/floatinghouses.si\/wp-content\/uploads\/2024\/04\/AteljeFotografije-PantherFloatingHouse-13-768x512.jpg 768w\" sizes=\"(max-width: 1080px) 100vw, 1080px\" \/><\/div><\/div><\/div><\/div><\/div>\n<\/div>\n\n\n\n<div class=\"wp-block-column is-layout-flow wp-block-column-is-layout-flow\">\n<div class=\"wp-block-getwid-images-stack\"><div class=\"wp-block-getwid-images-stack__wrapper\"><div class=\"wp-block-getwid-images-stack__chunk\"><div class=\"wp-block-getwid-images-stack__media-wrapper\"><div class=\"wp-block-getwid-images-stack__media-inner-wrapper\"><img loading=\"lazy\" decoding=\"async\" width=\"1080\" height=\"720\" class=\"wp-block-getwid-images-stack__media wp-image-1121\" src=\"https:\/\/floatinghouses.si\/wp-content\/uploads\/2024\/04\/AteljeFotografije-PantherFloatingHouse-1.jpg\" data-id=\"1121\" data-link=\"https:\/\/floatinghouses.si\/accommodation\/superior-floating-house\/ateljefotografije-pantherfloatinghouse-1\/\" srcset=\"https:\/\/floatinghouses.si\/wp-content\/uploads\/2024\/04\/AteljeFotografije-PantherFloatingHouse-1.jpg 1080w, https:\/\/floatinghouses.si\/wp-content\/uploads\/2024\/04\/AteljeFotografije-PantherFloatingHouse-1-300x200.jpg 300w, https:\/\/floatinghouses.si\/wp-content\/uploads\/2024\/04\/AteljeFotografije-PantherFloatingHouse-1-1024x683.jpg 1024w, https:\/\/floatinghouses.si\/wp-content\/uploads\/2024\/04\/AteljeFotografije-PantherFloatingHouse-1-768x512.jpg 768w\" sizes=\"(max-width: 1080px) 100vw, 1080px\" \/><\/div><\/div><div class=\"wp-block-getwid-images-stack__media-wrapper\"><div class=\"wp-block-getwid-images-stack__media-inner-wrapper\"><img loading=\"lazy\" decoding=\"async\" width=\"1080\" height=\"1080\" class=\"wp-block-getwid-images-stack__media wp-image-1122\" src=\"https:\/\/floatinghouses.si\/wp-content\/uploads\/2024\/04\/AteljeFotografije-PantherFloatingHouse-2.jpg\" data-id=\"1122\" data-link=\"https:\/\/floatinghouses.si\/accommodation\/superior-floating-house\/ateljefotografije-pantherfloatinghouse-2\/\" srcset=\"https:\/\/floatinghouses.si\/wp-content\/uploads\/2024\/04\/AteljeFotografije-PantherFloatingHouse-2.jpg 1080w, https:\/\/floatinghouses.si\/wp-content\/uploads\/2024\/04\/AteljeFotografije-PantherFloatingHouse-2-300x300.jpg 300w, https:\/\/floatinghouses.si\/wp-content\/uploads\/2024\/04\/AteljeFotografije-PantherFloatingHouse-2-1024x1024.jpg 1024w, https:\/\/floatinghouses.si\/wp-content\/uploads\/2024\/04\/AteljeFotografije-PantherFloatingHouse-2-150x150.jpg 150w, https:\/\/floatinghouses.si\/wp-content\/uploads\/2024\/04\/AteljeFotografije-PantherFloatingHouse-2-768x768.jpg 768w, https:\/\/floatinghouses.si\/wp-content\/uploads\/2024\/04\/AteljeFotografije-PantherFloatingHouse-2-992x992.jpg 992w\" sizes=\"(max-width: 1080px) 100vw, 1080px\" \/><\/div><\/div><div class=\"wp-block-getwid-images-stack__media-wrapper\"><div class=\"wp-block-getwid-images-stack__media-inner-wrapper\"><img loading=\"lazy\" decoding=\"async\" width=\"1080\" height=\"720\" class=\"wp-block-getwid-images-stack__media wp-image-1136\" src=\"https:\/\/floatinghouses.si\/wp-content\/uploads\/2024\/04\/AteljeFotografije-PantherFloatingHouse-17.jpg\" data-id=\"1136\" data-link=\"https:\/\/floatinghouses.si\/accommodation\/superior-floating-house\/ateljefotografije-pantherfloatinghouse-17\/\" srcset=\"https:\/\/floatinghouses.si\/wp-content\/uploads\/2024\/04\/AteljeFotografije-PantherFloatingHouse-17.jpg 1080w, https:\/\/floatinghouses.si\/wp-content\/uploads\/2024\/04\/AteljeFotografije-PantherFloatingHouse-17-300x200.jpg 300w, https:\/\/floatinghouses.si\/wp-content\/uploads\/2024\/04\/AteljeFotografije-PantherFloatingHouse-17-1024x683.jpg 1024w, https:\/\/floatinghouses.si\/wp-content\/uploads\/2024\/04\/AteljeFotografije-PantherFloatingHouse-17-768x512.jpg 768w\" sizes=\"(max-width: 1080px) 100vw, 1080px\" \/><\/div><\/div><\/div><\/div><\/div>\n<\/div>\n<\/div>\n<\/div><\/div><\/div><\/div><\/div>\n","protected":false},"excerpt":{"rendered":"<p>Plavajo\u010da hi\u0161a Panther je prava izbira za obiskovalce, ki i\u0161\u010dejo kombinacijo razko\u0161ja, zasebnosti, zabave na pla\u017ei in no\u010dnega \u017eivljenja v sredi\u0161\u010du mesta. Vse to v pristani\u0161\u010du s \u010dudovito okolico. <\/p>\n","protected":false},"author":1,"featured_media":1497,"parent":0,"menu_order":0,"comment_status":"closed","ping_status":"closed","template":"","meta":{"inline_featured_image":false,"footnotes":""},"class_list":["post-1547","page","type-page","status-publish","has-post-thumbnail","hentry"],"jetpack_sharing_enabled":true,"_links":{"self":[{"href":"https:\/\/floatinghouses.si\/sl\/wp-json\/wp\/v2\/pages\/1547","targetHints":{"allow":["GET"]}}],"collection":[{"href":"https:\/\/floatinghouses.si\/sl\/wp-json\/wp\/v2\/pages"}],"about":[{"href":"https:\/\/floatinghouses.si\/sl\/wp-json\/wp\/v2\/types\/page"}],"author":[{"embeddable":true,"href":"https:\/\/floatinghouses.si\/sl\/wp-json\/wp\/v2\/users\/1"}],"replies":[{"embeddable":true,"href":"https:\/\/floatinghouses.si\/sl\/wp-json\/wp\/v2\/comments?post=1547"}],"version-history":[{"count":2,"href":"https:\/\/floatinghouses.si\/sl\/wp-json\/wp\/v2\/pages\/1547\/revisions"}],"predecessor-version":[{"id":1549,"href":"https:\/\/floatinghouses.si\/sl\/wp-json\/wp\/v2\/pages\/1547\/revisions\/1549"}],"wp:featuredmedia":[{"embeddable":true,"href":"https:\/\/floatinghouses.si\/sl\/wp-json\/wp\/v2\/media\/1497"}],"wp:attachment":[{"href":"https:\/\/floatinghouses.si\/sl\/wp-json\/wp\/v2\/media?parent=1547"}],"curies":[{"name":"wp","href":"https:\/\/api.w.org\/{rel}","templated":true}]}}